{"id":345,"date":"2021-01-13T09:30:40","date_gmt":"2021-01-13T09:30:40","guid":{"rendered":"http:\/\/twinstech.sk\/o-nas\/"},"modified":"2022-03-01T09:48:25","modified_gmt":"2022-03-01T09:48:25","slug":"rolunk","status":"publish","type":"page","link":"http:\/\/twinstech.sk\/hu\/rolunk\/","title":{"rendered":"R\u00f3lunk"},"content":{"rendered":"\n<div class=\"wp-block-columns is-layout-flex wp-container-core-columns-is-layout-9d6595d7 wp-block-columns-is-layout-flex\">\n<div class=\"wp-block-column is-layout-flow wp-block-column-is-layout-flow\">\n<figure class=\"wp-block-image size-full\"><img loading=\"lazy\" decoding=\"async\" width=\"556\" height=\"434\" src=\"http:\/\/twinstech.sk\/wp-content\/uploads\/2021\/05\/IMG_20210428_165305915.png\" alt=\"\" class=\"wp-image-415\" srcset=\"http:\/\/twinstech.sk\/wp-content\/uploads\/2021\/05\/IMG_20210428_165305915.png 556w, http:\/\/twinstech.sk\/wp-content\/uploads\/2021\/05\/IMG_20210428_165305915-300x234.png 300w\" sizes=\"auto, (max-width: 556px) 100vw, 556px\" \/><\/figure>\n<\/div>\n\n\n\n<div class=\"wp-block-column is-layout-flow wp-block-column-is-layout-flow\">\n<p>Eg\u00e9sz \u00e9let\u00fcnk a kulcsok, csavarh\u00faz\u00f3k \u00e9s fog\u00f3k k\u00f6r\u00fcl forgott. M\u00e1r gyerekekk\u00e9nt mindig valamit jav\u00edtottunk, fejlesztett\u00fcnk. A l\u00e9gkondicion\u00e1l\u00f3k szerel\u00e9s\u00e9vel el\u0151sz\u00f6r 2003-ban tal\u00e1lkoztunk. Ez Magyarorsz\u00e1gon t\u00f6rt\u00e9nt, ahol legkondicion\u00e1l\u00f3 m\u00faltunk elkezd\u0151d\u00f6tt. Ami a szakm\u00e1t illeti, azonnal leny\u0171g\u00f6z\u00f6tt \u00e9s \u00e9rdekelni kezdett. Ez\u00e9rt, amikor 2005-ben v\u00e1llalkoz\u00f3kk\u00e9nt Szlov\u00e1ki\u00e1ban elkezdt\u00fcnk dolgozni \u00e9s pr\u00f3b\u00e1ltunk szerencs\u00e9t ebben az \u00e1gazatban, el\u0151sz\u00f6r a k\u00f6rnyez\u0151 c\u00e9geknek aj\u00e1nlottuk fel szolg\u00e1ltat\u00e1sainkat. \u00cdgy &#8222;v\u00e1llalkoztunk&#8221; kb. 5 \u00e9vet. \u00dagy v\u00e9lj\u00fck, ez egy elengedhetetlen, de remek iskola volt sz\u00e1munkra, hogy elegend\u0151 tapasztalatot, gyakorlatot, rutint \u00e9s eleganci\u00e1t szerezz\u00fcnk a szerel\u00e9sek kivitelez\u00e9s\u00e9ben. Ezekkel a tapasztalatokkal egy saj\u00e1t c\u00e9g kialak\u00edt\u00e1sa fel\u00e9 haladtunk. Lassan, \u00f3vatosan.<\/p>\n<\/div>\n<\/div>\n\n\n\n<div class=\"wp-block-columns is-layout-flex wp-container-core-columns-is-layout-9d6595d7 wp-block-columns-is-layout-flex\">\n<div class=\"wp-block-column is-layout-flow wp-block-column-is-layout-flow\">\n<p>2013-ban d\u00f6nt\u00f6tt\u00fcnk el\u0151sz\u00f6r az els\u0151 aut\u00f3nk megv\u00e9tele mellett. Ezut\u00e1n ez m\u00e1r valahogy mag\u00e1t\u00f3l ment. Rem\u00e9lj\u00fck ez az \u00d6n\u00f6kh\u00f6z, kliensekhez, val\u00f3 hozz\u00e1\u00e1ll\u00e1sunknak k\u00f6sz\u00f6nhetj\u00fck. B\u00edzunk benne, hogy azok, akik ismernek minket, l\u00e1tj\u00e1k a gyors megk\u00f6zel\u00edt\u00e9st, legink\u00e1bb a garanci\u00e1lis id\u0151 k\u00e9rd\u00e9s\u00e9ben (amely b\u00e9rmentes), amelyet kifejezetten fontosnak tartunk. Alapvet\u0151 tov\u00e1bb\u00e1 sz\u00e1munkra az is, hogy ne j\u00e1tszadozzunk az \u00d6n\u00f6k bizalm\u00e1val, \u00e9ppen ez\u00e9rt igyeksz\u00fcnk a megbesz\u00e9lt id\u0151pontokat, \u00e9s munka k\u00f6zben a maxim\u00e1lis tisztas\u00e1got betartani. Ny\u00e1ron cser\u00e9lj\u00fck p\u00f3l\u00f3inkat \u00e9s minden \u00faj szerel\u00e9s el\u0151tt dezodort haszn\u00e1lunk. M\u00e1ra a v\u00e1llalkoz\u00e1sunk egy\u00fattal kedvtel\u00e9s\u00fcnkk\u00e9 is v\u00e1lt, aminek \u00e9kes bizony\u00edt\u00e9ka akt\u00edv jelenl\u00e9t\u00fcnk a projektekben a fi\u00fak mellet, f\u0151leg a helysz\u00ednen.<\/p>\n<\/div>\n\n\n\n<div class=\"wp-block-column is-layout-flow wp-block-column-is-layout-flow\">\n<figure class=\"wp-block-image size-full\"><img loading=\"lazy\" decoding=\"async\" width=\"552\" height=\"419\" src=\"http:\/\/twinstech.sk\/wp-content\/uploads\/2021\/05\/PSX_20210507_155834b.png\" alt=\"\" class=\"wp-image-418\" srcset=\"http:\/\/twinstech.sk\/wp-content\/uploads\/2021\/05\/PSX_20210507_155834b.png 552w, http:\/\/twinstech.sk\/wp-content\/uploads\/2021\/05\/PSX_20210507_155834b-300x228.png 300w\" sizes=\"auto, (max-width: 552px) 100vw, 552px\" \/><\/figure>\n<\/div>\n<\/div>\n","protected":false},"excerpt":{"rendered":"<p>Eg\u00e9sz \u00e9let\u00fcnk a kulcsok, csavarh\u00faz\u00f3k \u00e9s fog\u00f3k k\u00f6r\u00fcl forgott. M\u00e1r gyerekekk\u00e9nt mindig valamit jav\u00edtottunk, fejlesztett\u00fcnk. A l\u00e9gkondicion\u00e1l\u00f3k szerel\u00e9s\u00e9vel el\u0151sz\u00f6r 2003-ban tal\u00e1lkoztunk. Ez Magyarorsz\u00e1gon t\u00f6rt\u00e9nt, ahol legkondicion\u00e1l\u00f3 m\u00faltunk elkezd\u0151d\u00f6tt. Ami a szakm\u00e1t illeti, azonnal leny\u0171g\u00f6z\u00f6tt \u00e9s \u00e9rdekelni kezdett. Ez\u00e9rt, amikor 2005-ben v\u00e1llalkoz\u00f3kk\u00e9nt Szlov\u00e1ki\u00e1ban elkezdt\u00fcnk dolgozni \u00e9s pr\u00f3b\u00e1ltunk szerencs\u00e9t ebben az \u00e1gazatban, el\u0151sz\u00f6r a k\u00f6rnyez\u0151 c\u00e9geknek aj\u00e1nlottuk [&hellip;]<\/p>\n","protected":false},"author":2,"featured_media":860,"parent":0,"menu_order":0,"comment_status":"closed","ping_status":"closed","template":"","meta":{"footnotes":""},"class_list":["post-345","page","type-page","status-publish","has-post-thumbnail","hentry"],"yoast_head":"<!-- This site is optimized with the Yoast SEO plugin v18.2 - https:\/\/yoast.com\/wordpress\/plugins\/seo\/ -->\n<title>R\u00f3lunk - twinstech.sk<\/title>\n<meta name=\"robots\" content=\"index, follow, max-snippet:-1, max-image-preview:large, max-video-preview:-1\" \/>\n<link rel=\"canonical\" href=\"http:\/\/twinstech.sk\/hu\/rolunk\/\" \/>\n<meta property=\"og:locale\" content=\"hu_HU\" \/>\n<meta property=\"og:type\" content=\"article\" \/>\n<meta property=\"og:title\" content=\"R\u00f3lunk - twinstech.sk\" \/>\n<meta property=\"og:description\" content=\"Eg\u00e9sz \u00e9let\u00fcnk a kulcsok, csavarh\u00faz\u00f3k \u00e9s fog\u00f3k k\u00f6r\u00fcl forgott. M\u00e1r gyerekekk\u00e9nt mindig valamit jav\u00edtottunk, fejlesztett\u00fcnk. A l\u00e9gkondicion\u00e1l\u00f3k szerel\u00e9s\u00e9vel el\u0151sz\u00f6r 2003-ban tal\u00e1lkoztunk. Ez Magyarorsz\u00e1gon t\u00f6rt\u00e9nt, ahol legkondicion\u00e1l\u00f3 m\u00faltunk elkezd\u0151d\u00f6tt. Ami a szakm\u00e1t illeti, azonnal leny\u0171g\u00f6z\u00f6tt \u00e9s \u00e9rdekelni kezdett. Ez\u00e9rt, amikor 2005-ben v\u00e1llalkoz\u00f3kk\u00e9nt Szlov\u00e1ki\u00e1ban elkezdt\u00fcnk dolgozni \u00e9s pr\u00f3b\u00e1ltunk szerencs\u00e9t ebben az \u00e1gazatban, el\u0151sz\u00f6r a k\u00f6rnyez\u0151 c\u00e9geknek aj\u00e1nlottuk [&hellip;]\" \/>\n<meta property=\"og:url\" content=\"http:\/\/twinstech.sk\/hu\/rolunk\/\" \/>\n<meta property=\"og:site_name\" content=\"twinstech.sk\" \/>\n<meta property=\"article:modified_time\" content=\"2022-03-01T09:48:25+00:00\" \/>\n<meta property=\"og:image\" content=\"http:\/\/twinstech.sk\/wp-content\/uploads\/2021\/05\/IMG_20210428_165305915.png\" \/>\n<meta name=\"twitter:card\" content=\"summary_large_image\" \/>\n<meta name=\"twitter:label1\" content=\"Becs\u00fclt olvas\u00e1si id\u0151\" \/>\n\t<meta name=\"twitter:data1\" content=\"2 perc\" \/>\n<script type=\"application\/ld+json\" class=\"yoast-schema-graph\">{\"@context\":\"https:\/\/schema.org\",\"@graph\":[{\"@type\":\"WebSite\",\"@id\":\"http:\/\/twinstech.sk\/#website\",\"url\":\"http:\/\/twinstech.sk\/\",\"name\":\"twinstech.sk\",\"description\":\"Get the Twins Experience\",\"potentialAction\":[{\"@type\":\"SearchAction\",\"target\":{\"@type\":\"EntryPoint\",\"urlTemplate\":\"http:\/\/twinstech.sk\/?s={search_term_string}\"},\"query-input\":\"required name=search_term_string\"}],\"inLanguage\":\"hu\"},{\"@type\":\"ImageObject\",\"@id\":\"http:\/\/twinstech.sk\/hu\/rolunk\/#primaryimage\",\"inLanguage\":\"hu\",\"url\":\"http:\/\/twinstech.sk\/wp-content\/uploads\/2022\/03\/placeholder.png\",\"contentUrl\":\"http:\/\/twinstech.sk\/wp-content\/uploads\/2022\/03\/placeholder.png\",\"width\":1024,\"height\":1024},{\"@type\":\"WebPage\",\"@id\":\"http:\/\/twinstech.sk\/hu\/rolunk\/#webpage\",\"url\":\"http:\/\/twinstech.sk\/hu\/rolunk\/\",\"name\":\"R\u00f3lunk - twinstech.sk\",\"isPartOf\":{\"@id\":\"http:\/\/twinstech.sk\/#website\"},\"primaryImageOfPage\":{\"@id\":\"http:\/\/twinstech.sk\/hu\/rolunk\/#primaryimage\"},\"datePublished\":\"2021-01-13T09:30:40+00:00\",\"dateModified\":\"2022-03-01T09:48:25+00:00\",\"breadcrumb\":{\"@id\":\"http:\/\/twinstech.sk\/hu\/rolunk\/#breadcrumb\"},\"inLanguage\":\"hu\",\"potentialAction\":[{\"@type\":\"ReadAction\",\"target\":[\"http:\/\/twinstech.sk\/hu\/rolunk\/\"]}]},{\"@type\":\"BreadcrumbList\",\"@id\":\"http:\/\/twinstech.sk\/hu\/rolunk\/#breadcrumb\",\"itemListElement\":[{\"@type\":\"ListItem\",\"position\":1,\"name\":\"Domovsk\u00e1 str\u00e1nka\",\"item\":\"http:\/\/twinstech.sk\/hu\/\"},{\"@type\":\"ListItem\",\"position\":2,\"name\":\"R\u00f3lunk\"}]}]}<\/script>\n<!-- \/ Yoast SEO plugin. -->","yoast_head_json":{"title":"R\u00f3lunk - twinstech.sk","robots":{"index":"index","follow":"follow","max-snippet":"max-snippet:-1","max-image-preview":"max-image-preview:large","max-video-preview":"max-video-preview:-1"},"canonical":"http:\/\/twinstech.sk\/hu\/rolunk\/","og_locale":"hu_HU","og_type":"article","og_title":"R\u00f3lunk - twinstech.sk","og_description":"Eg\u00e9sz \u00e9let\u00fcnk a kulcsok, csavarh\u00faz\u00f3k \u00e9s fog\u00f3k k\u00f6r\u00fcl forgott. M\u00e1r gyerekekk\u00e9nt mindig valamit jav\u00edtottunk, fejlesztett\u00fcnk. A l\u00e9gkondicion\u00e1l\u00f3k szerel\u00e9s\u00e9vel el\u0151sz\u00f6r 2003-ban tal\u00e1lkoztunk. Ez Magyarorsz\u00e1gon t\u00f6rt\u00e9nt, ahol legkondicion\u00e1l\u00f3 m\u00faltunk elkezd\u0151d\u00f6tt. Ami a szakm\u00e1t illeti, azonnal leny\u0171g\u00f6z\u00f6tt \u00e9s \u00e9rdekelni kezdett. Ez\u00e9rt, amikor 2005-ben v\u00e1llalkoz\u00f3kk\u00e9nt Szlov\u00e1ki\u00e1ban elkezdt\u00fcnk dolgozni \u00e9s pr\u00f3b\u00e1ltunk szerencs\u00e9t ebben az \u00e1gazatban, el\u0151sz\u00f6r a k\u00f6rnyez\u0151 c\u00e9geknek aj\u00e1nlottuk [&hellip;]","og_url":"http:\/\/twinstech.sk\/hu\/rolunk\/","og_site_name":"twinstech.sk","article_modified_time":"2022-03-01T09:48:25+00:00","og_image":[{"url":"http:\/\/twinstech.sk\/wp-content\/uploads\/2021\/05\/IMG_20210428_165305915.png"}],"twitter_card":"summary_large_image","twitter_misc":{"Becs\u00fclt olvas\u00e1si id\u0151":"2 perc"},"schema":{"@context":"https:\/\/schema.org","@graph":[{"@type":"WebSite","@id":"http:\/\/twinstech.sk\/#website","url":"http:\/\/twinstech.sk\/","name":"twinstech.sk","description":"Get the Twins Experience","potentialAction":[{"@type":"SearchAction","target":{"@type":"EntryPoint","urlTemplate":"http:\/\/twinstech.sk\/?s={search_term_string}"},"query-input":"required name=search_term_string"}],"inLanguage":"hu"},{"@type":"ImageObject","@id":"http:\/\/twinstech.sk\/hu\/rolunk\/#primaryimage","inLanguage":"hu","url":"http:\/\/twinstech.sk\/wp-content\/uploads\/2022\/03\/placeholder.png","contentUrl":"http:\/\/twinstech.sk\/wp-content\/uploads\/2022\/03\/placeholder.png","width":1024,"height":1024},{"@type":"WebPage","@id":"http:\/\/twinstech.sk\/hu\/rolunk\/#webpage","url":"http:\/\/twinstech.sk\/hu\/rolunk\/","name":"R\u00f3lunk - twinstech.sk","isPartOf":{"@id":"http:\/\/twinstech.sk\/#website"},"primaryImageOfPage":{"@id":"http:\/\/twinstech.sk\/hu\/rolunk\/#primaryimage"},"datePublished":"2021-01-13T09:30:40+00:00","dateModified":"2022-03-01T09:48:25+00:00","breadcrumb":{"@id":"http:\/\/twinstech.sk\/hu\/rolunk\/#breadcrumb"},"inLanguage":"hu","potentialAction":[{"@type":"ReadAction","target":["http:\/\/twinstech.sk\/hu\/rolunk\/"]}]},{"@type":"BreadcrumbList","@id":"http:\/\/twinstech.sk\/hu\/rolunk\/#breadcrumb","itemListElement":[{"@type":"ListItem","position":1,"name":"Domovsk\u00e1 str\u00e1nka","item":"http:\/\/twinstech.sk\/hu\/"},{"@type":"ListItem","position":2,"name":"R\u00f3lunk"}]}]}},"acf":[],"_links":{"self":[{"href":"http:\/\/twinstech.sk\/hu\/wp-json\/wp\/v2\/pages\/345","targetHints":{"allow":["GET"]}}],"collection":[{"href":"http:\/\/twinstech.sk\/hu\/wp-json\/wp\/v2\/pages"}],"about":[{"href":"http:\/\/twinstech.sk\/hu\/wp-json\/wp\/v2\/types\/page"}],"author":[{"embeddable":true,"href":"http:\/\/twinstech.sk\/hu\/wp-json\/wp\/v2\/users\/2"}],"replies":[{"embeddable":true,"href":"http:\/\/twinstech.sk\/hu\/wp-json\/wp\/v2\/comments?post=345"}],"version-history":[{"count":2,"href":"http:\/\/twinstech.sk\/hu\/wp-json\/wp\/v2\/pages\/345\/revisions"}],"predecessor-version":[{"id":765,"href":"http:\/\/twinstech.sk\/hu\/wp-json\/wp\/v2\/pages\/345\/revisions\/765"}],"wp:featuredmedia":[{"embeddable":true,"href":"http:\/\/twinstech.sk\/hu\/wp-json\/wp\/v2\/media\/860"}],"wp:attachment":[{"href":"http:\/\/twinstech.sk\/hu\/wp-json\/wp\/v2\/media?parent=345"}],"curies":[{"name":"wp","href":"https:\/\/api.w.org\/{rel}","templated":true}]}}