{"id":341,"date":"2021-01-11T13:25:38","date_gmt":"2021-01-11T13:25:38","guid":{"rendered":"http:\/\/twinstech.sk\/kezdolap\/"},"modified":"2022-03-01T15:18:33","modified_gmt":"2022-03-01T15:18:33","slug":"kezdolap","status":"publish","type":"page","link":"http:\/\/twinstech.sk\/hu\/","title":{"rendered":"F\u0151oldal"},"content":{"rendered":"","protected":false},"excerpt":{"rendered":"","protected":false},"author":2,"featured_media":860,"parent":0,"menu_order":0,"comment_status":"closed","ping_status":"closed","template":"page-templates\/front-page.php","meta":{"footnotes":""},"class_list":["post-341","page","type-page","status-publish","has-post-thumbnail","hentry"],"yoast_head":"<!-- This site is optimized with the Yoast SEO plugin v18.2 - https:\/\/yoast.com\/wordpress\/plugins\/seo\/ -->\n<title>F\u0151 c\u00e9lunk az \u00d6n\u00f6k el\u00e9gedetts\u00e9ge - twinstech.sk<\/title>\n<meta name=\"description\" content=\"TwinsTech c\u00e9g\u00fcnk l\u00e9gkondicion\u00e1l\u00f3k \u00e9s l\u00e9gtechnikai berendez\u00e9sek \u00e9rt\u00e9kes\u00edt\u00e9s\u00e9vel, szerel\u00e9s\u00e9vel \u00e9s karbantart\u00e1s\u00e1val foglalkozik m\u00e1r t\u00f6bb mint 15 \u00e9ve.\" \/>\n<meta name=\"robots\" content=\"index, follow, max-snippet:-1, max-image-preview:large, max-video-preview:-1\" \/>\n<link rel=\"canonical\" href=\"http:\/\/twinstech.sk\/hu\/\" \/>\n<meta property=\"og:locale\" content=\"hu_HU\" \/>\n<meta property=\"og:type\" content=\"article\" \/>\n<meta property=\"og:title\" content=\"F\u0151 c\u00e9lunk az \u00d6n\u00f6k el\u00e9gedetts\u00e9ge - twinstech.sk\" \/>\n<meta property=\"og:description\" content=\"TwinsTech c\u00e9g\u00fcnk l\u00e9gkondicion\u00e1l\u00f3k \u00e9s l\u00e9gtechnikai berendez\u00e9sek \u00e9rt\u00e9kes\u00edt\u00e9s\u00e9vel, szerel\u00e9s\u00e9vel \u00e9s karbantart\u00e1s\u00e1val foglalkozik m\u00e1r t\u00f6bb mint 15 \u00e9ve.\" \/>\n<meta property=\"og:url\" content=\"http:\/\/twinstech.sk\/hu\/\" \/>\n<meta property=\"og:site_name\" content=\"twinstech.sk\" \/>\n<meta property=\"article:modified_time\" content=\"2022-03-01T15:18:33+00:00\" \/>\n<meta name=\"twitter:card\" content=\"summary_large_image\" \/>\n<script type=\"application\/ld+json\" class=\"yoast-schema-graph\">{\"@context\":\"https:\/\/schema.org\",\"@graph\":[{\"@type\":\"WebSite\",\"@id\":\"http:\/\/twinstech.sk\/#website\",\"url\":\"http:\/\/twinstech.sk\/\",\"name\":\"twinstech.sk\",\"description\":\"Get the Twins Experience\",\"potentialAction\":[{\"@type\":\"SearchAction\",\"target\":{\"@type\":\"EntryPoint\",\"urlTemplate\":\"http:\/\/twinstech.sk\/?s={search_term_string}\"},\"query-input\":\"required name=search_term_string\"}],\"inLanguage\":\"hu\"},{\"@type\":\"ImageObject\",\"@id\":\"http:\/\/twinstech.sk\/hu\/#primaryimage\",\"inLanguage\":\"hu\",\"url\":\"http:\/\/twinstech.sk\/wp-content\/uploads\/2022\/03\/placeholder.png\",\"contentUrl\":\"http:\/\/twinstech.sk\/wp-content\/uploads\/2022\/03\/placeholder.png\",\"width\":1024,\"height\":1024},{\"@type\":\"WebPage\",\"@id\":\"http:\/\/twinstech.sk\/hu\/#webpage\",\"url\":\"http:\/\/twinstech.sk\/hu\/\",\"name\":\"F\u0151 c\u00e9lunk az \u00d6n\u00f6k el\u00e9gedetts\u00e9ge - twinstech.sk\",\"isPartOf\":{\"@id\":\"http:\/\/twinstech.sk\/#website\"},\"primaryImageOfPage\":{\"@id\":\"http:\/\/twinstech.sk\/hu\/#primaryimage\"},\"datePublished\":\"2021-01-11T13:25:38+00:00\",\"dateModified\":\"2022-03-01T15:18:33+00:00\",\"description\":\"TwinsTech c\u00e9g\u00fcnk l\u00e9gkondicion\u00e1l\u00f3k \u00e9s l\u00e9gtechnikai berendez\u00e9sek \u00e9rt\u00e9kes\u00edt\u00e9s\u00e9vel, szerel\u00e9s\u00e9vel \u00e9s karbantart\u00e1s\u00e1val foglalkozik m\u00e1r t\u00f6bb mint 15 \u00e9ve.\",\"breadcrumb\":{\"@id\":\"http:\/\/twinstech.sk\/hu\/#breadcrumb\"},\"inLanguage\":\"hu\",\"potentialAction\":[{\"@type\":\"ReadAction\",\"target\":[\"http:\/\/twinstech.sk\/hu\/\"]}]},{\"@type\":\"BreadcrumbList\",\"@id\":\"http:\/\/twinstech.sk\/hu\/#breadcrumb\",\"itemListElement\":[{\"@type\":\"ListItem\",\"position\":1,\"name\":\"Domovsk\u00e1 str\u00e1nka\",\"item\":\"http:\/\/twinstech.sk\/hu\/\"},{\"@type\":\"ListItem\",\"position\":2,\"name\":\"F\u0151oldal\"}]}]}<\/script>\n<!-- \/ Yoast SEO plugin. -->","yoast_head_json":{"title":"F\u0151 c\u00e9lunk az \u00d6n\u00f6k el\u00e9gedetts\u00e9ge - twinstech.sk","description":"TwinsTech c\u00e9g\u00fcnk l\u00e9gkondicion\u00e1l\u00f3k \u00e9s l\u00e9gtechnikai berendez\u00e9sek \u00e9rt\u00e9kes\u00edt\u00e9s\u00e9vel, szerel\u00e9s\u00e9vel \u00e9s karbantart\u00e1s\u00e1val foglalkozik m\u00e1r t\u00f6bb mint 15 \u00e9ve.","robots":{"index":"index","follow":"follow","max-snippet":"max-snippet:-1","max-image-preview":"max-image-preview:large","max-video-preview":"max-video-preview:-1"},"canonical":"http:\/\/twinstech.sk\/hu\/","og_locale":"hu_HU","og_type":"article","og_title":"F\u0151 c\u00e9lunk az \u00d6n\u00f6k el\u00e9gedetts\u00e9ge - twinstech.sk","og_description":"TwinsTech c\u00e9g\u00fcnk l\u00e9gkondicion\u00e1l\u00f3k \u00e9s l\u00e9gtechnikai berendez\u00e9sek \u00e9rt\u00e9kes\u00edt\u00e9s\u00e9vel, szerel\u00e9s\u00e9vel \u00e9s karbantart\u00e1s\u00e1val foglalkozik m\u00e1r t\u00f6bb mint 15 \u00e9ve.","og_url":"http:\/\/twinstech.sk\/hu\/","og_site_name":"twinstech.sk","article_modified_time":"2022-03-01T15:18:33+00:00","twitter_card":"summary_large_image","schema":{"@context":"https:\/\/schema.org","@graph":[{"@type":"WebSite","@id":"http:\/\/twinstech.sk\/#website","url":"http:\/\/twinstech.sk\/","name":"twinstech.sk","description":"Get the Twins Experience","potentialAction":[{"@type":"SearchAction","target":{"@type":"EntryPoint","urlTemplate":"http:\/\/twinstech.sk\/?s={search_term_string}"},"query-input":"required name=search_term_string"}],"inLanguage":"hu"},{"@type":"ImageObject","@id":"http:\/\/twinstech.sk\/hu\/#primaryimage","inLanguage":"hu","url":"http:\/\/twinstech.sk\/wp-content\/uploads\/2022\/03\/placeholder.png","contentUrl":"http:\/\/twinstech.sk\/wp-content\/uploads\/2022\/03\/placeholder.png","width":1024,"height":1024},{"@type":"WebPage","@id":"http:\/\/twinstech.sk\/hu\/#webpage","url":"http:\/\/twinstech.sk\/hu\/","name":"F\u0151 c\u00e9lunk az \u00d6n\u00f6k el\u00e9gedetts\u00e9ge - twinstech.sk","isPartOf":{"@id":"http:\/\/twinstech.sk\/#website"},"primaryImageOfPage":{"@id":"http:\/\/twinstech.sk\/hu\/#primaryimage"},"datePublished":"2021-01-11T13:25:38+00:00","dateModified":"2022-03-01T15:18:33+00:00","description":"TwinsTech c\u00e9g\u00fcnk l\u00e9gkondicion\u00e1l\u00f3k \u00e9s l\u00e9gtechnikai berendez\u00e9sek \u00e9rt\u00e9kes\u00edt\u00e9s\u00e9vel, szerel\u00e9s\u00e9vel \u00e9s karbantart\u00e1s\u00e1val foglalkozik m\u00e1r t\u00f6bb mint 15 \u00e9ve.","breadcrumb":{"@id":"http:\/\/twinstech.sk\/hu\/#breadcrumb"},"inLanguage":"hu","potentialAction":[{"@type":"ReadAction","target":["http:\/\/twinstech.sk\/hu\/"]}]},{"@type":"BreadcrumbList","@id":"http:\/\/twinstech.sk\/hu\/#breadcrumb","itemListElement":[{"@type":"ListItem","position":1,"name":"Domovsk\u00e1 str\u00e1nka","item":"http:\/\/twinstech.sk\/hu\/"},{"@type":"ListItem","position":2,"name":"F\u0151oldal"}]}]}},"acf":[],"_links":{"self":[{"href":"http:\/\/twinstech.sk\/hu\/wp-json\/wp\/v2\/pages\/341","targetHints":{"allow":["GET"]}}],"collection":[{"href":"http:\/\/twinstech.sk\/hu\/wp-json\/wp\/v2\/pages"}],"about":[{"href":"http:\/\/twinstech.sk\/hu\/wp-json\/wp\/v2\/types\/page"}],"author":[{"embeddable":true,"href":"http:\/\/twinstech.sk\/hu\/wp-json\/wp\/v2\/users\/2"}],"replies":[{"embeddable":true,"href":"http:\/\/twinstech.sk\/hu\/wp-json\/wp\/v2\/comments?post=341"}],"version-history":[{"count":4,"href":"http:\/\/twinstech.sk\/hu\/wp-json\/wp\/v2\/pages\/341\/revisions"}],"predecessor-version":[{"id":761,"href":"http:\/\/twinstech.sk\/hu\/wp-json\/wp\/v2\/pages\/341\/revisions\/761"}],"wp:featuredmedia":[{"embeddable":true,"href":"http:\/\/twinstech.sk\/hu\/wp-json\/wp\/v2\/media\/860"}],"wp:attachment":[{"href":"http:\/\/twinstech.sk\/hu\/wp-json\/wp\/v2\/media?parent=341"}],"curies":[{"name":"wp","href":"https:\/\/api.w.org\/{rel}","templated":true}]}}